{"id":31981,"date":"2023-11-23T15:08:38","date_gmt":"2023-11-23T15:08:38","guid":{"rendered":"https:\/\/vyma.lt\/?page_id=31981"},"modified":"2023-12-11T15:40:01","modified_gmt":"2023-12-11T15:40:01","slug":"pristatymas","status":"publish","type":"page","link":"https:\/\/vyma.lt\/en\/pristatymas\/","title":{"rendered":"Pristatymas"},"content":{"rendered":"<div class=\"wpb-content-wrapper\"><div class=\"vc_row wpb_row vc_row-fluid\"><div class=\"wpb_column vc_column_container vc_col-sm-12\"><div class=\"vc_column-inner\"><div class=\"wpb_wrapper\">\n\t<div class=\"wpb_text_column wpb_content_element\" >\n\t\t<div class=\"wpb_wrapper\">\n\t\t\t<p><strong>Darbo laikas:<\/strong><\/p>\n<p>&nbsp;<\/p>\n<p><strong>I \u2013 V<\/strong> nuo 10:00 iki 18:00 val.<\/p>\n<p><strong>VI<\/strong> nuo 10:00 iki 15:00 val.<\/p>\n<p><strong>VII<\/strong> nedirbame.<\/p>\n<p><strong>Prekes reikia atsiimti per 3 darbo dienas, gavus prane\u0161im\u0105, kad jos suruo\u0161tos.<\/strong><\/p>\n<p>Jei nesp\u0117jate, informuokite mus telefonu, kada atsiimsite.<\/p>\n<p><strong>Atsi\u0117mimas Omniva pa\u0161tomatuose.<\/strong><br \/>\nPristatymo kaina 3.00 \u20ac. Prek\u0117s pristatymo terminas 1-3 dienos nuo u\u017esakymo pateikimo.<\/p>\n<p><strong>Atsi\u0117mimas Lpexpress pa\u0161tomatuose.<\/strong><\/p>\n<p>Pristatymo kaina 3.00\u20ac. Prek\u0117s pristatymo terminas 1-3 dienos nuo u\u017esakymo pateikimo.<\/p>\n\n\t\t<\/div>\n\t<\/div>\n<\/div><\/div><\/div><\/div>\n<\/div>","protected":false},"excerpt":{"rendered":"Darbo laikas: &nbsp; I \u2013 V nuo 10:00 iki 18:00 val. VI nuo 10:00 iki 15:00 val. VII nedirbame. Prekes","protected":false},"author":1,"featured_media":0,"parent":0,"menu_order":0,"comment_status":"closed","ping_status":"closed","template":"","meta":{"footnotes":""},"class_list":["post-31981","page","type-page","status-publish","hentry"],"_links":{"self":[{"href":"https:\/\/vyma.lt\/en\/wp-json\/wp\/v2\/pages\/31981","targetHints":{"allow":["GET"]}}],"collection":[{"href":"https:\/\/vyma.lt\/en\/wp-json\/wp\/v2\/pages"}],"about":[{"href":"https:\/\/vyma.lt\/en\/wp-json\/wp\/v2\/types\/page"}],"author":[{"embeddable":true,"href":"https:\/\/vyma.lt\/en\/wp-json\/wp\/v2\/users\/1"}],"replies":[{"embeddable":true,"href":"https:\/\/vyma.lt\/en\/wp-json\/wp\/v2\/comments?post=31981"}],"version-history":[{"count":3,"href":"https:\/\/vyma.lt\/en\/wp-json\/wp\/v2\/pages\/31981\/revisions"}],"predecessor-version":[{"id":32124,"href":"https:\/\/vyma.lt\/en\/wp-json\/wp\/v2\/pages\/31981\/revisions\/32124"}],"wp:attachment":[{"href":"https:\/\/vyma.lt\/en\/wp-json\/wp\/v2\/media?parent=31981"}],"curies":[{"name":"wp","href":"https:\/\/api.w.org\/{rel}","templated":true}]}}