{"id":31979,"date":"2023-11-23T15:06:35","date_gmt":"2023-11-23T15:06:35","guid":{"rendered":"https:\/\/vyma.lt\/?page_id=31979"},"modified":"2023-11-23T15:06:35","modified_gmt":"2023-11-23T15:06:35","slug":"grazinimo-salygos","status":"publish","type":"page","link":"https:\/\/vyma.lt\/en\/grazinimo-salygos\/","title":{"rendered":"GR\u0104\u017dINIMO S\u0104LYGOS"},"content":{"rendered":"<div class=\"wpb-content-wrapper\"><div class=\"vc_row wpb_row vc_row-fluid\"><div class=\"wpb_column vc_column_container vc_col-sm-12\"><div class=\"vc_column-inner\"><div class=\"wpb_wrapper\">\n\t<div class=\"wpb_text_column wpb_content_element\" >\n\t\t<div class=\"wpb_wrapper\">\n\t\t\t<p><strong>Preki\u0173 gr\u0105\u017einimas<\/strong><\/p>\n<p>Pirk\u0117jas turi teis\u0119 atsisakyti pirkimo-pardavimo sutarties, sudarytos naudojant ry\u0161io priemones, prane\u0161damas apie tai ra\u0161tu pardav\u0117jui per septynias darbo dienas nuo daikto pristatymo dienos.<\/p>\n<p><strong>Atsisakant pirkimo-pardavimo sutarties ir gr\u0105\u017einant prekes, b\u016btina pateikti preki\u0173 \u012fsigijimo dokumentus bei laikytis \u0161i\u0173 s\u0105lyg\u0173:<\/strong><\/p>\n<ul>\n<li>kiekviena gr\u0105\u017einama prek\u0117 yra originalioje ir nepa\u017eeistoje pakuot\u0117je;<br \/>\nprek\u0117s nebuvo naudojamos;<\/li>\n<li>prek\u0117s nebuvo sugadintos;<\/li>\n<li>nuo preki\u0173 nebuvo nuimtos originalios etiket\u0117s (apsaugin\u0117s pl\u0117vel\u0117s, etiket\u0117s ir kt.);<\/li>\n<li>gr\u0105\u017einamos prek\u0117s yra pilnos komplektacijos ir i\u0161laik\u0117 savo prekin\u0119 i\u0161vaizd\u0105.<\/li>\n<\/ul>\n<p>Gr\u0105\u017einamas prekes Pirk\u0117jas turi pristatyti pats. Pardav\u0117jas turi teis\u0119 nepriimti Pirk\u0117jo gr\u0105\u017einam\u0173 preki\u0173, jei Pirk\u0117jas nesilaiko nustatytos preki\u0173 gr\u0105\u017einimo tvarkos.<\/p>\n<p>Pirk\u0117jui laikantis nustatytos pinig\u0173 gra\u017einimo tvarkos, sumok\u0117ti pinigai gr\u0105\u017einami bankiniu pavedimu \u012f asmenin\u0119 Pirk\u0117jo s\u0105skait\u0105 pagal pateikt\u0105 ra\u0161ti\u0161k\u0105 pra\u0161ym\u0105 (pinig\u0173 gr\u0105\u017einimo form\u0105).<\/p>\n\n\t\t<\/div>\n\t<\/div>\n<\/div><\/div><\/div><\/div>\n<\/div>","protected":false},"excerpt":{"rendered":"Preki\u0173 gr\u0105\u017einimas Pirk\u0117jas turi teis\u0119 atsisakyti pirkimo-pardavimo sutarties, sudarytos naudojant ry\u0161io priemones, prane\u0161damas apie tai ra\u0161tu pardav\u0117jui per septynias darbo","protected":false},"author":1,"featured_media":0,"parent":0,"menu_order":0,"comment_status":"closed","ping_status":"closed","template":"","meta":{"footnotes":""},"class_list":["post-31979","page","type-page","status-publish","hentry"],"_links":{"self":[{"href":"https:\/\/vyma.lt\/en\/wp-json\/wp\/v2\/pages\/31979","targetHints":{"allow":["GET"]}}],"collection":[{"href":"https:\/\/vyma.lt\/en\/wp-json\/wp\/v2\/pages"}],"about":[{"href":"https:\/\/vyma.lt\/en\/wp-json\/wp\/v2\/types\/page"}],"author":[{"embeddable":true,"href":"https:\/\/vyma.lt\/en\/wp-json\/wp\/v2\/users\/1"}],"replies":[{"embeddable":true,"href":"https:\/\/vyma.lt\/en\/wp-json\/wp\/v2\/comments?post=31979"}],"version-history":[{"count":1,"href":"https:\/\/vyma.lt\/en\/wp-json\/wp\/v2\/pages\/31979\/revisions"}],"predecessor-version":[{"id":31980,"href":"https:\/\/vyma.lt\/en\/wp-json\/wp\/v2\/pages\/31979\/revisions\/31980"}],"wp:attachment":[{"href":"https:\/\/vyma.lt\/en\/wp-json\/wp\/v2\/media?parent=31979"}],"curies":[{"name":"wp","href":"https:\/\/api.w.org\/{rel}","templated":true}]}}